{"id":6,"date":"2020-09-09T23:13:56","date_gmt":"2020-09-09T23:13:56","guid":{"rendered":"https:\/\/tulokas.devnettisivu.net\/?page_id=6"},"modified":"2025-04-09T07:05:33","modified_gmt":"2025-04-09T07:05:33","slug":"sivusto","status":"publish","type":"page","link":"https:\/\/sjrakennuspalvelu.com\/","title":{"rendered":"Sivusto"},"content":{"rendered":"<p>[et_pb_section fb_built=&#8221;1&#8243; _builder_version=&#8221;4.20.0&#8243; use_background_color_gradient=&#8221;on&#8221; background_color_gradient_stops=&#8221;rgba(104,104,104,0.23) 0%|rgba(10,10,10,0.4) 100%&#8221; background_color_gradient_overlays_image=&#8221;on&#8221; background_color_gradient_start=&#8221;rgba(104,104,104,0.23)&#8221; background_color_gradient_end=&#8221;rgba(10,10,10,0.4)&#8221; background_image=&#8221;https:\/\/sjrakennuspalvelu.com\/wp-content\/uploads\/2023\/03\/Nayttokuva-2023-3-6-kello-8.52.33.png&#8221; parallax=&#8221;on&#8221; width=&#8221;80%&#8221; width_tablet=&#8221;100%&#8221; width_phone=&#8221;&#8221; width_last_edited=&#8221;on|tablet&#8221; module_alignment=&#8221;center&#8221; custom_padding=&#8221;78px||68px|||&#8221; global_colors_info=&#8221;{}&#8221;][et_pb_row _builder_version=&#8221;4.20.0&#8243; global_colors_info=&#8221;{}&#8221;][et_pb_column type=&#8221;4_4&#8243; _builder_version=&#8221;4.16&#8243; global_colors_info=&#8221;{}&#8221;][et_pb_text _builder_version=&#8221;4.20.0&#8243; text_text_color=&#8221;#FFFFFF&#8221; text_font_size=&#8221;22px&#8221; header_text_color=&#8221;#FFFFFF&#8221; header_font_size=&#8221;53px&#8221; custom_margin=&#8221;||16px|||&#8221; text_font_size_tablet=&#8221;22px&#8221; text_font_size_phone=&#8221;6vw&#8221; text_font_size_last_edited=&#8221;on|phone&#8221; header_font_size_tablet=&#8221;7vw&#8221; header_font_size_phone=&#8221;9vw&#8221; header_font_size_last_edited=&#8221;on|phone&#8221; global_colors_info=&#8221;{}&#8221;]<\/p>\n<p>S&amp;J Rakennuspalvelu Oy<\/p>\n<p>[\/et_pb_text][et_pb_text _builder_version=&#8221;4.20.0&#8243; header_text_color=&#8221;#FFFFFF&#8221; header_font_size=&#8221;53px&#8221; header_font_size_tablet=&#8221;7vw&#8221; header_font_size_phone=&#8221;9vw&#8221; header_font_size_last_edited=&#8221;on|phone&#8221; global_colors_info=&#8221;{}&#8221;]<\/p>\n<h1>Rakentamisen ja remontoinnin palveluita ammattitaidolla!<\/h1>\n<p>&nbsp;<\/p>\n<p>[\/et_pb_text][et_pb_button button_url=&#8221;#yhteys&#8221; button_text=&#8221;Ota yhteytt\u00e4!&#8221; button_alignment=&#8221;center&#8221; _builder_version=&#8221;4.16&#8243; background_layout=&#8221;dark&#8221; global_colors_info=&#8221;{}&#8221;][\/et_pb_button][\/et_pb_column][\/et_pb_row][\/et_pb_section][et_pb_section fb_built=&#8221;1&#8243; module_id=&#8221;yritys&#8221; _builder_version=&#8221;4.16&#8243; background_color=&#8221;#FFFFFF&#8221; width=&#8221;80%&#8221; width_tablet=&#8221;100%&#8221; width_phone=&#8221;&#8221; width_last_edited=&#8221;on|tablet&#8221; module_alignment=&#8221;center&#8221; custom_padding=&#8221;||41px||false|false&#8221; global_colors_info=&#8221;{}&#8221;][et_pb_row column_structure=&#8221;1_3,2_3&#8243; _builder_version=&#8221;4.20.0&#8243; width=&#8221;100%&#8221; custom_padding=&#8221;|20px||20px|false|false&#8221; global_colors_info=&#8221;{}&#8221;][et_pb_column type=&#8221;1_3&#8243; _builder_version=&#8221;4.16&#8243; global_colors_info=&#8221;{}&#8221;][et_pb_image src=&#8221;https:\/\/sjrakennuspalvelu.com\/wp-content\/uploads\/2023\/03\/Nayttokuva-2023-3-6-kello-8.52.15.png&#8221; alt=&#8221;white ceramic mug on table&#8221; title_text=&#8221;Na\u0308ytto\u0308kuva 2023-3-6 kello 8.52.15&#8243; align=&#8221;center&#8221; _builder_version=&#8221;4.20.0&#8243; width_tablet=&#8221;46%&#8221; width_phone=&#8221;100%&#8221; width_last_edited=&#8221;on|tablet&#8221; module_alignment=&#8221;center&#8221; max_height=&#8221;300px&#8221; module_alignment_tablet=&#8221;center&#8221; module_alignment_phone=&#8221;&#8221; module_alignment_last_edited=&#8221;on|phone&#8221; global_colors_info=&#8221;{}&#8221;][\/et_pb_image][\/et_pb_column][et_pb_column type=&#8221;2_3&#8243; _builder_version=&#8221;4.16&#8243; global_colors_info=&#8221;{}&#8221;][et_pb_text _builder_version=&#8221;4.20.0&#8243; global_colors_info=&#8221;{}&#8221;]<\/p>\n<h2><span>Rakennusalan osaamista Kanta-H\u00e4meen, Uudenmaan ja P\u00e4ij\u00e4t-H\u00e4meen alueella<\/span><\/h2>\n<p>[\/et_pb_text][et_pb_text _builder_version=&#8221;4.20.0&#8243; global_colors_info=&#8221;{}&#8221;]<\/p>\n<p>S&amp;J Rakennuspalvelu on perustettu vuonna 2020, ammattitaitoa meilt\u00e4 l\u00f6ytyy jo yli 10 vuoden ty\u00f6kokemuksella. Tarjoamme monipuoliset remonttipalvelut, uudisrakentamisesta vaativaankin korjausrakentamiseen. Palvelemme sek\u00e4 yksityis- ett\u00e4 yritysasiakkaita.<\/p>\n<p><span>Tarjoamme maksuttoman arviointik\u00e4ynnin, jonka j\u00e4lkeen voimme tehd\u00e4 tarjouksen. Ty\u00f6t voimme aloittaa sovitusti. Arviointik\u00e4ynti ei sitouta teit\u00e4 tilaamaan mit\u00e4\u00e4n palveluita.<\/span><\/p>\n<p>[\/et_pb_text][et_pb_button button_url=&#8221;#yhteys&#8221; button_text=&#8221;Ota yhteytt\u00e4!&#8221; button_alignment=&#8221;center&#8221; _builder_version=&#8221;4.16&#8243; global_colors_info=&#8221;{}&#8221;][\/et_pb_button][\/et_pb_column][\/et_pb_row][\/et_pb_section][et_pb_section fb_built=&#8221;1&#8243; module_id=&#8221;palvelut&#8221; _builder_version=&#8221;4.16&#8243; background_color=&#8221;#FFFFFF&#8221; width=&#8221;80%&#8221; width_tablet=&#8221;100%&#8221; width_phone=&#8221;&#8221; width_last_edited=&#8221;on|tablet&#8221; module_alignment=&#8221;center&#8221; custom_padding=&#8221;0px||8px|||&#8221; global_colors_info=&#8221;{}&#8221;][et_pb_row _builder_version=&#8221;4.16&#8243; width=&#8221;100%&#8221; max_width=&#8221;2560px&#8221; custom_padding=&#8221;0px||0px|||&#8221; global_colors_info=&#8221;{}&#8221;][et_pb_column type=&#8221;4_4&#8243; _builder_version=&#8221;4.16&#8243; global_colors_info=&#8221;{}&#8221;][et_pb_slider _builder_version=&#8221;4.16&#8243; custom_padding=&#8221;92px||83px|||&#8221; auto=&#8221;on&#8221; global_colors_info=&#8221;{}&#8221;][et_pb_slide heading=&#8221;Uudisrakentaminen&#8221; button_text=&#8221;Ota yhteytt\u00e4&#8221; button_link=&#8221;#yhteys&#8221; _builder_version=&#8221;4.20.0&#8243; header_font=&#8221;|600|||||||&#8221; background_enable_color=&#8221;off&#8221; use_background_color_gradient=&#8221;on&#8221; background_color_gradient_stops=&#8221;rgba(76,76,76,0.17) 0%|rgba(66,66,66,0.56) 100%&#8221; background_color_gradient_overlays_image=&#8221;on&#8221; background_color_gradient_start=&#8221;rgba(76,76,76,0.17)&#8221; background_color_gradient_end=&#8221;rgba(66,66,66,0.56)&#8221; background_image=&#8221;https:\/\/sjrakennuspalvelu.com\/wp-content\/uploads\/2023\/03\/Nayttokuva-2023-3-6-kello-8.51.35.png&#8221; background_enable_image=&#8221;on&#8221; global_colors_info=&#8221;{}&#8221; sticky_transition=&#8221;on&#8221;][\/et_pb_slide][et_pb_slide heading=&#8221;Korjausrakentaminen&#8221; button_text=&#8221;Ota yhteytt\u00e4&#8221; button_link=&#8221;#yhteys&#8221; _builder_version=&#8221;4.20.0&#8243; header_font=&#8221;|600|||||||&#8221; background_enable_color=&#8221;off&#8221; use_background_color_gradient=&#8221;on&#8221; background_color_gradient_stops=&#8221;rgba(76,76,76,0.17) 0%|rgba(66,66,66,0.56) 100%&#8221; background_color_gradient_overlays_image=&#8221;on&#8221; background_color_gradient_start=&#8221;rgba(76,76,76,0.17)&#8221; background_color_gradient_end=&#8221;rgba(66,66,66,0.56)&#8221; background_image=&#8221;https:\/\/sjrakennuspalvelu.com\/wp-content\/uploads\/2023\/03\/Nayttokuva-2023-3-6-kello-8.51.52.png&#8221; background_enable_image=&#8221;on&#8221; global_colors_info=&#8221;{}&#8221; sticky_transition=&#8221;on&#8221;][\/et_pb_slide][et_pb_slide heading=&#8221;Saneeraus&#8221; button_text=&#8221;Ota yhteytt\u00e4&#8221; button_link=&#8221;#yhteys&#8221; _builder_version=&#8221;4.20.0&#8243; header_font=&#8221;|600|||||||&#8221; background_enable_color=&#8221;off&#8221; use_background_color_gradient=&#8221;on&#8221; background_color_gradient_stops=&#8221;rgba(76,76,76,0.17) 0%|rgba(66,66,66,0.56) 100%&#8221; background_color_gradient_overlays_image=&#8221;on&#8221; background_color_gradient_start=&#8221;rgba(76,76,76,0.17)&#8221; background_color_gradient_end=&#8221;rgba(66,66,66,0.56)&#8221; background_image=&#8221;https:\/\/sjrakennuspalvelu.com\/wp-content\/uploads\/2023\/03\/Nayttokuva-2023-3-6-kello-8.52.05.png&#8221; background_enable_image=&#8221;on&#8221; global_colors_info=&#8221;{}&#8221; sticky_transition=&#8221;on&#8221;][\/et_pb_slide][\/et_pb_slider][\/et_pb_column][\/et_pb_row][\/et_pb_section][et_pb_section fb_built=&#8221;1&#8243; module_id=&#8221;tarina&#8221; _builder_version=&#8221;4.16&#8243; background_color=&#8221;#FFFFFF&#8221; width=&#8221;80%&#8221; width_tablet=&#8221;100%&#8221; width_phone=&#8221;&#8221; width_last_edited=&#8221;on|tablet&#8221; module_alignment=&#8221;center&#8221; custom_margin=&#8221;-14px|||||&#8221; custom_padding=&#8221;||64px|||&#8221; global_colors_info=&#8221;{}&#8221;][et_pb_row column_structure=&#8221;3_5,2_5&#8243; _builder_version=&#8221;4.16&#8243; width=&#8221;100%&#8221; custom_padding=&#8221;|20px|40px|20px|false|false&#8221; global_colors_info=&#8221;{}&#8221;][et_pb_column type=&#8221;3_5&#8243; _builder_version=&#8221;4.16&#8243; global_colors_info=&#8221;{}&#8221;][et_pb_text _builder_version=&#8221;4.20.0&#8243; global_colors_info=&#8221;{}&#8221;]<\/p>\n<h2>Teemme ty\u00f6mme aina huolella alusta loppuun asti!<\/h2>\n<p>[\/et_pb_text][et_pb_text _builder_version=&#8221;4.20.0&#8243; global_colors_info=&#8221;{}&#8221;]<\/p>\n<p>Ty\u00f6t suoritamme laadusta tinkim\u00e4tt\u00e4 viimeisi\u00e4 yksityiskohtia my\u00f6den, jotta voit olla lopputulokseen t\u00e4ysin tyytyv\u00e4inen! Asiakkaan toiveet ovat ty\u00f6n suhteen meille aina etusijalla.<\/p>\n<p>Ty\u00f6maamme j\u00e4\u00e4v\u00e4t siistiin kuntoon ja ty\u00f6n ohessa syntyneet j\u00e4tteet kierr\u00e4t\u00e4mme asianmukaisesti.<\/p>\n<p>Toimimme Kanta-H\u00e4meen, Uudenmaan ja P\u00e4ij\u00e4t-H\u00e4meen alueella.<\/p>\n<p>Kun etsit remonttiin ammattitaitoista ja luotettavaa tekij\u00e4\u00e4, ota yhteys meihin.<\/p>\n<p>Kanssamme on helppo asioida, voitte olla meihin yhteydess\u00e4 puhelimitse soittamalla tai viestill\u00e4. Tai halutessanne s\u00e4hk\u00f6postilla.<\/p>\n<p>[\/et_pb_text][et_pb_text _builder_version=&#8221;4.20.0&#8243; global_colors_info=&#8221;{}&#8221;]<\/p>\n<h2>Katso kuvia t\u00f6ist\u00e4mme<\/h2>\n<p>[\/et_pb_text][et_pb_gallery gallery_ids=&#8221;132,130,129,128,131&#8243; posts_number=&#8221;2&#8243; show_title_and_caption=&#8221;off&#8221; zoom_icon_color=&#8221;gcid-a65e81dd-ee04-4afb-90ac-9255e8a7c316&#8243; _builder_version=&#8221;4.20.0&#8243; _module_preset=&#8221;default&#8221; global_colors_info=&#8221;{%22gcid-a65e81dd-ee04-4afb-90ac-9255e8a7c316%22:%91%22zoom_icon_color%22%93}&#8221;][\/et_pb_gallery][\/et_pb_column][et_pb_column type=&#8221;2_5&#8243; _builder_version=&#8221;4.16&#8243; global_colors_info=&#8221;{}&#8221;][et_pb_text module_id=&#8221;yhteys&#8221; _builder_version=&#8221;4.16&#8243; global_colors_info=&#8221;{}&#8221;]<\/p>\n<h2 style=\"text-align: left;\">Ota yhteytt\u00e4<\/h2>\n<p>[\/et_pb_text][et_pb_text _builder_version=&#8221;4.27.4&#8243; text_text_color=&#8221;#000000&#8243; text_font_size=&#8221;17px&#8221; text_line_height=&#8221;1.8em&#8221; link_text_color=&#8221;gcid-a65e81dd-ee04-4afb-90ac-9255e8a7c316&#8243; hover_enabled=&#8221;0&#8243; global_colors_info=&#8221;{%22gcid-a65e81dd-ee04-4afb-90ac-9255e8a7c316%22:%91%22link_text_color%22%93}&#8221; sticky_enabled=&#8221;0&#8243;]<\/p>\n<h3><strong>Santtu Lappalainen<\/strong><\/h3>\n<p><a href=\"tel:%20040 352 2260\"><strong>040 352 2260<\/strong><\/a><\/p>\n<h3><strong>Johan Vehmas<\/strong><\/h3>\n<p><a href=\"tel:050%20345 4882\"><strong>050 345 4882<\/strong><\/a><\/p>\n<p><strong><a href=\"mailto:sj@sjrakennuspalvelu.com\">sj@sjrakennuspalvelu.com<\/a><\/strong><\/p>\n<p>[\/et_pb_text][et_pb_image src=&#8221;https:\/\/sjrakennuspalvelu.com\/wp-content\/uploads\/2023\/03\/Nayttokuva-2023-3-6-kello-9.06.29.png&#8221; alt=&#8221;woman in blue denim jacket holding white paper&#8221; title_text=&#8221;Na\u0308ytto\u0308kuva 2023-3-6 kello 9.06.29&#8243; disabled_on=&#8221;off|off|off&#8221; _builder_version=&#8221;4.20.0&#8243; global_colors_info=&#8221;{}&#8221;][\/et_pb_image][\/et_pb_column][\/et_pb_row][et_pb_row column_structure=&#8221;1_5,3_5,1_5&#8243; _builder_version=&#8221;4.16&#8243; width=&#8221;100%&#8221; max_width=&#8221;2560px&#8221; custom_padding=&#8221;0px|20px||20px|false|false&#8221; global_colors_info=&#8221;{}&#8221;][et_pb_column type=&#8221;1_5&#8243; _builder_version=&#8221;4.16&#8243; global_colors_info=&#8221;{}&#8221;][\/et_pb_column][et_pb_column type=&#8221;3_5&#8243; _builder_version=&#8221;4.16&#8243; border_radii=&#8221;on|11px|11px|11px|11px&#8221; border_width_all=&#8221;1px&#8221; border_color_all=&#8221;gcid-a65e81dd-ee04-4afb-90ac-9255e8a7c316&#8243; box_shadow_style=&#8221;preset1&#8243; box_shadow_blur=&#8221;10px&#8221; global_colors_info=&#8221;{%22gcid-a65e81dd-ee04-4afb-90ac-9255e8a7c316%22:%91%22border_color_all%22%93}&#8221;][et_pb_contact_form use_spam_service=&#8221;on&#8221; recaptcha_list=&#8221;sjrakennuspalvelu|sjrakennuspalvelu-0&#8243; email=&#8221;sj@sjrakennuspalvelu.com&#8221; custom_message=&#8221;Uusi yhteydenotto nettisivuilta||et_pb_line_break_holder||||et_pb_line_break_holder||Nimi: %%Name%%||et_pb_line_break_holder||Puhelin: %%puh%%||et_pb_line_break_holder||S\u00e4hk\u00f6posti: %%Email%%||et_pb_line_break_holder||||et_pb_line_break_holder||Viesti:||et_pb_line_break_holder||%%Message%%&#8221; _builder_version=&#8221;4.27.4&#8243; _unique_id=&#8221;fdfdf684-d5e3-4d10-9399-733a380a39bb&#8221; form_field_background_color=&#8221;#f4f4f4&#8243; form_field_text_color=&#8221;#000000&#8243; custom_padding=&#8221;40px|20px|20px|20px|false|false&#8221; hover_enabled=&#8221;0&#8243; border_width_all=&#8221;1px&#8221; border_color_all=&#8221;gcid-a65e81dd-ee04-4afb-90ac-9255e8a7c316&#8243; global_module=&#8221;113&#8243; saved_tabs=&#8221;all&#8221; global_colors_info=&#8221;{%22gcid-a65e81dd-ee04-4afb-90ac-9255e8a7c316%22:%91%22border_color_all%22%93}&#8221; sticky_enabled=&#8221;0&#8243;][et_pb_contact_field field_id=&#8221;Name&#8221; field_title=&#8221;Nimi&#8221; fullwidth_field=&#8221;on&#8221; _builder_version=&#8221;4.16&#8243; global_colors_info=&#8221;{}&#8221; button_text_size__hover_enabled=&#8221;off&#8221; button_one_text_size__hover_enabled=&#8221;off&#8221; button_two_text_size__hover_enabled=&#8221;off&#8221; button_text_color__hover_enabled=&#8221;off&#8221; button_one_text_color__hover_enabled=&#8221;off&#8221; button_two_text_color__hover_enabled=&#8221;off&#8221; button_border_width__hover_enabled=&#8221;off&#8221; button_one_border_width__hover_enabled=&#8221;off&#8221; button_two_border_width__hover_enabled=&#8221;off&#8221; button_border_color__hover_enabled=&#8221;off&#8221; button_one_border_color__hover_enabled=&#8221;off&#8221; button_two_border_color__hover_enabled=&#8221;off&#8221; button_border_radius__hover_enabled=&#8221;off&#8221; button_one_border_radius__hover_enabled=&#8221;off&#8221; button_two_border_radius__hover_enabled=&#8221;off&#8221; button_letter_spacing__hover_enabled=&#8221;off&#8221; button_one_letter_spacing__hover_enabled=&#8221;off&#8221; button_two_letter_spacing__hover_enabled=&#8221;off&#8221; button_bg_color__hover_enabled=&#8221;off&#8221; button_one_bg_color__hover_enabled=&#8221;off&#8221; button_two_bg_color__hover_enabled=&#8221;off&#8221;][\/et_pb_contact_field][et_pb_contact_field field_id=&#8221;puh&#8221; field_title=&#8221;Puhelinnumero&#8221; fullwidth_field=&#8221;on&#8221; _builder_version=&#8221;4.16&#8243; global_colors_info=&#8221;{}&#8221;][\/et_pb_contact_field][et_pb_contact_field field_id=&#8221;Email&#8221; field_title=&#8221;S\u00e4hk\u00f6postiosoite&#8221; field_type=&#8221;email&#8221; fullwidth_field=&#8221;on&#8221; _builder_version=&#8221;4.16&#8243; global_colors_info=&#8221;{}&#8221; button_text_size__hover_enabled=&#8221;off&#8221; button_one_text_size__hover_enabled=&#8221;off&#8221; button_two_text_size__hover_enabled=&#8221;off&#8221; button_text_color__hover_enabled=&#8221;off&#8221; button_one_text_color__hover_enabled=&#8221;off&#8221; button_two_text_color__hover_enabled=&#8221;off&#8221; button_border_width__hover_enabled=&#8221;off&#8221; button_one_border_width__hover_enabled=&#8221;off&#8221; button_two_border_width__hover_enabled=&#8221;off&#8221; button_border_color__hover_enabled=&#8221;off&#8221; button_one_border_color__hover_enabled=&#8221;off&#8221; button_two_border_color__hover_enabled=&#8221;off&#8221; button_border_radius__hover_enabled=&#8221;off&#8221; button_one_border_radius__hover_enabled=&#8221;off&#8221; button_two_border_radius__hover_enabled=&#8221;off&#8221; button_letter_spacing__hover_enabled=&#8221;off&#8221; button_one_letter_spacing__hover_enabled=&#8221;off&#8221; button_two_letter_spacing__hover_enabled=&#8221;off&#8221; button_bg_color__hover_enabled=&#8221;off&#8221; button_one_bg_color__hover_enabled=&#8221;off&#8221; button_two_bg_color__hover_enabled=&#8221;off&#8221;][\/et_pb_contact_field][et_pb_contact_field field_id=&#8221;Message&#8221; field_title=&#8221;S\u00e4hk\u00f6postiviesti&#8221; field_type=&#8221;text&#8221; fullwidth_field=&#8221;on&#8221; _builder_version=&#8221;4.16&#8243; global_colors_info=&#8221;{}&#8221; button_text_size__hover_enabled=&#8221;off&#8221; button_one_text_size__hover_enabled=&#8221;off&#8221; button_two_text_size__hover_enabled=&#8221;off&#8221; button_text_color__hover_enabled=&#8221;off&#8221; button_one_text_color__hover_enabled=&#8221;off&#8221; button_two_text_color__hover_enabled=&#8221;off&#8221; button_border_width__hover_enabled=&#8221;off&#8221; button_one_border_width__hover_enabled=&#8221;off&#8221; button_two_border_width__hover_enabled=&#8221;off&#8221; button_border_color__hover_enabled=&#8221;off&#8221; button_one_border_color__hover_enabled=&#8221;off&#8221; button_two_border_color__hover_enabled=&#8221;off&#8221; button_border_radius__hover_enabled=&#8221;off&#8221; button_one_border_radius__hover_enabled=&#8221;off&#8221; button_two_border_radius__hover_enabled=&#8221;off&#8221; button_letter_spacing__hover_enabled=&#8221;off&#8221; button_one_letter_spacing__hover_enabled=&#8221;off&#8221; button_two_letter_spacing__hover_enabled=&#8221;off&#8221; button_bg_color__hover_enabled=&#8221;off&#8221; button_one_bg_color__hover_enabled=&#8221;off&#8221; button_two_bg_color__hover_enabled=&#8221;off&#8221;][\/et_pb_contact_field][\/et_pb_contact_form][\/et_pb_column][et_pb_column type=&#8221;1_5&#8243; _builder_version=&#8221;4.16&#8243; global_colors_info=&#8221;{}&#8221;][\/et_pb_column][\/et_pb_row][\/et_pb_section]<\/p>\n","protected":false},"excerpt":{"rendered":"<p>S&amp;J Rakennuspalvelu OyRakentamisen ja remontoinnin palveluita ammattitaidolla! &nbsp;Rakennusalan osaamista Kanta-H\u00e4meen, Uudenmaan ja P\u00e4ij\u00e4t-H\u00e4meen alueellaS&amp;J Rakennuspalvelu on perustettu vuonna 2020, ammattitaitoa meilt\u00e4 l\u00f6ytyy jo yli 10 vuoden ty\u00f6kokemuksella. Tarjoamme monipuoliset remonttipalvelut, uudisrakentamisesta vaativaankin korjausrakentamiseen. Palvelemme sek\u00e4 yksityis- ett\u00e4 yritysasiakkaita. Tarjoamme maksuttoman arviointik\u00e4ynnin, jonka j\u00e4lkeen voimme tehd\u00e4 tarjouksen. Ty\u00f6t voimme aloittaa sovitusti. Arviointik\u00e4ynti ei sitouta teit\u00e4 tilaamaan [&hellip;]<\/p>\n","protected":false},"author":2,"featured_media":0,"parent":0,"menu_order":0,"comment_status":"closed","ping_status":"closed","template":"","meta":{"_et_pb_use_builder":"on","_et_pb_old_content":"","_et_gb_content_width":"","footnotes":""},"class_list":["post-6","page","type-page","status-publish","hentry"],"_links":{"self":[{"href":"https:\/\/sjrakennuspalvelu.com\/index.php?rest_route=\/wp\/v2\/pages\/6","targetHints":{"allow":["GET"]}}],"collection":[{"href":"https:\/\/sjrakennuspalvelu.com\/index.php?rest_route=\/wp\/v2\/pages"}],"about":[{"href":"https:\/\/sjrakennuspalvelu.com\/index.php?rest_route=\/wp\/v2\/types\/page"}],"author":[{"embeddable":true,"href":"https:\/\/sjrakennuspalvelu.com\/index.php?rest_route=\/wp\/v2\/users\/2"}],"replies":[{"embeddable":true,"href":"https:\/\/sjrakennuspalvelu.com\/index.php?rest_route=%2Fwp%2Fv2%2Fcomments&post=6"}],"version-history":[{"count":40,"href":"https:\/\/sjrakennuspalvelu.com\/index.php?rest_route=\/wp\/v2\/pages\/6\/revisions"}],"predecessor-version":[{"id":176,"href":"https:\/\/sjrakennuspalvelu.com\/index.php?rest_route=\/wp\/v2\/pages\/6\/revisions\/176"}],"wp:attachment":[{"href":"https:\/\/sjrakennuspalvelu.com\/index.php?rest_route=%2Fwp%2Fv2%2Fmedia&parent=6"}],"curies":[{"name":"wp","href":"https:\/\/api.w.org\/{rel}","templated":true}]}}